{"id":1256,"date":"2023-10-01T15:07:25","date_gmt":"2023-10-01T13:07:25","guid":{"rendered":"https:\/\/blog.epicycle.fr\/?page_id=1256"},"modified":"2023-10-04T19:52:33","modified_gmt":"2023-10-04T17:52:33","slug":"remuneration-de-lheure-de-cours-dans-leducation-nationale","status":"publish","type":"page","link":"https:\/\/blog.epicycle.fr\/?page_id=1256","title":{"rendered":"R\u00e9mun\u00e9ration de l&rsquo;heure de cours dans l&rsquo;\u00c9ducation nationale"},"content":{"rendered":"\n<script src=\"https:\/\/d3js.org\/d3.v4.min.js\" type=\"text\/javascript\"><\/script>\n<script src=\"https:\/\/cdn.jsdelivr.net\/npm\/chart.js@3.8.2\" type=\"text\/javascript\"><\/script>\n<script src=\"https:\/\/cdn.jsdelivr.net\/npm\/moment@2.29.4\" type=\"text\/javascript\"><\/script>\n<script src=\"https:\/\/cdn.jsdelivr.net\/npm\/chartjs-adapter-moment@1.0.0\" type=\"text\/javascript\"><\/script>\n<script src=\"https:\/\/cdnjs.cloudflare.com\/ajax\/libs\/mathjs\/11.0.1\/math.js\n\" type=\"text\/javascript\"><\/script>\n<script src=\"https:\/\/www.epicycle.fr\/js_salaires\/cumulative_distribution_estimator.js\" type=\"text\/javascript\"><\/script>\n<script src=\"https:\/\/www.epicycle.fr\/js_salaires\/format_data.js\" type=\"text\/javascript\"><\/script>\n<script src=\"https:\/\/www.epicycle.fr\/js_salaires\/carriere.js\" type=\"text\/javascript\"><\/script>\n<script src=\"https:\/\/www.epicycle.fr\/js_salaires\/timeseries.js\" type=\"text\/javascript\"><\/script>\n<script src=\"https:\/\/www.epicycle.fr\/js_salaires\/custom_charts.js\" type=\"text\/javascript\"><\/script>\n<script src=\"https:\/\/www.epicycle.fr\/js_salaires\/graph_data.js\" type=\"text\/javascript\"><\/script>\n<script src=\"https:\/\/www.epicycle.fr\/js_salaires\/load_data.js\" type=\"text\/javascript\"><\/script>\n<script src=\"https:\/\/www.epicycle.fr\/js_salaires\/graph_heures_sup.js\" type=\"text\/javascript\"><\/script>\n<style>\n\t.graph_title, .legend_title {\n\t\tdisplay: block;\n\t\tfont-weight: bold;\n\t\ttext-align: center;\n\t\tfont-size: 0.75em;\n\t\tmargin:  auto;\n\t\tcolor: rgb(100,100,100);\n\t\tfont-family: 'Helvetica Neue', 'Helvetica', 'Arial', sans-serif;\n\t}\n\t.note {\n\t\tfont-size: 0.75em;\n\t}\n<\/style>\n\t<div id='hourly_pay_chart' >\n\t\t<p>\n\t\t\t<label for=\"corps\">Corps :<\/label>\n\t\t\t<select name=\"corps\" class=\"corps\" id=\"corps\" onchange=\"hourlyPayChart.update(true);\">\n\t\t\t\t<option name=\"professeurs_des_ecoles\" id=\"professeurs_des_ecoles\" value=\"professeurs_des_ecoles\">professeur des \u00e9coles<\/option>\n\t\t\t\t<option name=\"certifies\" id=\"certifies\" value=\"certifies\" selected=\"selected\">certifi\u00e9<\/option>\n\t\t\t\t<option name=\"agreges\" id=\"agreges\" value=\"agreges\">agr\u00e9g\u00e9<\/option>\n\t\t\t<\/select>\n\t\t\t<br>\n\n\t\t\t<label for=\"ir_zone\">Indemnit\u00e9 de r\u00e9sidence :<\/label>\n\t\t\t<select name=\"ir_zone\" class=\"ir_zone\" id=\"ir_zone\" onchange=\"hourlyPayChart.update();\">\n\t\t\t\t<option name=\"ir_zone1\" id=\"ir_zone1\" value=\"ir_zone1\">zone 1<\/option>\n\t\t\t\t<option name=\"ir_zone2\" id=\"ir_zone2\" value=\"ir_zone2\">zone 2<\/option>\n\t\t\t\t<option name=\"ir_zone3\" id=\"ir_zone3\" value=\"ir_zone3\" selected=\"selected\">zone 3<\/option>\n\t\t\t<\/select>\n\t\t\t<br>\n\n\t\t\t<label for=\"ors\">Obligation r\u00e9glementaire de service (en heures hebdomadaires) :<\/label>\n\t\t\t<input type=\"number\" class=\"ors\" id=\"ors\" class=\"nombre\" min=\"1\" max=\"30\" value=\"18\" onchange=\"hourlyPayChart.update();\">\n\t\t\t<br>\n\n\t\t\t<label for=\"n_weeks\">Nombre de semaines de cours dans l&rsquo;ann\u00e9e :<\/label>\n\t\t\t<input type=\"number\" class=\"n_weeks\" id=\"n_weeks\" class=\"nombre\" min=\"20\" max=\"52\" step=\"1\" value=\"36\" onchange=\"hourlyPayChart.update();\">\n\t\t\t<br>\n\n\t\t\t<label for=\"date\">Date :<\/label>\n\t\t\t<input type=\"date\" class=\"date\" id=\"date\" value=\"2023-10-01\" onchange=\"hourlyPayChart.update();\">\n\t\t\t<br>\n\t\t<\/p>\n\n\t\t<div class=\"chart_container\">\n\t\t\t<div class=\"graph_title\"><\/div>\n\t\t\t<canvas class=\"chart\"><\/canvas>\n\t\t\t<em class=\"note\"><\/em>\n\t\t<\/div>\n\t<\/div>\n\n\t<h2>Remarques<\/h2>\n\t<p>\n\t\tHSA signifie heure suppl\u00e9mentaire ann\u00e9e ; il s&rsquo;agit d&rsquo;une heure de cours hebdomadaire. La premi\u00e8re HSA est major\u00e9e de 20% depuis septembre 1998. HSE signifie heure suppl\u00e9mentaire effective ; il s&rsquo;agit d&rsquo;une heure effectu\u00e9e de mani\u00e8re occasionnelle (e.g. remplacement d&rsquo;un coll\u00e8gue absent). <br>\n\n\t\tLa r\u00e9mun\u00e9ration brute des heures de cours statutaires est obtenue en calculant le salaire brut annuel (traitement brut, ISOE ou ISOA, prime attractivit\u00e9 et prime informatique) et en le divisant par le nombre de semaines de cours puis par le nombre hebdomadaire d&rsquo;heures de cours. <br>\n\n\t\tLes heures de cours s&rsquo;accompagnent invariablement de travail en dehors du face \u00e0 face avec les \u00e9l\u00e8ves (pr\u00e9parations, corrections, r\u00e9unions) et\/ou de contraintes qui ne sont pas n\u00e9cessairement identiques en fonction du type d&rsquo;heures consid\u00e9r\u00e9es (e.g. les heures de remplacement courte dur\u00e9e du pacte n\u00e9cessitent une forme d&rsquo;astreinte de mani\u00e8re \u00e0 remplacer un coll\u00e8gue au pied lev\u00e9). La comparaison des r\u00e9mun\u00e9rations n&rsquo;est donc qu&rsquo;un des aspects \u00e0 consid\u00e9rer.\n\t<\/p>\n\n\t<h2>Sources<\/h2>\n\t<p>\n\t\t<ul>\n\t\t\t<li><a href=\"https:\/\/www.legifrance.gouv.fr\/loda\/id\/JORFTEXT000000489039\">D\u00e9cret n\u00b050-1253 du 6 octobre 1950 fixant les taux de r\u00e9mun\u00e9ration des heures suppl\u00e9mentaires d&rsquo;enseignement effectu\u00e9es par des personnels enseignants des \u00e9tablissements d&rsquo;enseignement du second degr\u00e9.<\/a><\/li>\n\t\t\t<li><a href=\"https:\/\/www.legifrance.gouv.fr\/loda\/id\/JORFTEXT000047862611\">Arr\u00eat\u00e9 du 19 juillet 2023 fixant les montants de l&rsquo;indemnit\u00e9 de suivi et d&rsquo;orientation des \u00e9l\u00e8ves et de l&rsquo;indemnit\u00e9 de suivi et d&rsquo;accompagnement des \u00e9l\u00e8ves et pr\u00e9cisant les missions ouvrant droit \u00e0 la part fonctionnelle de ces deux indemnit\u00e9s.<\/a><\/li>\n\t\t\t<li><a href=\"https:\/\/www.data.gouv.fr\/fr\/datasets\/correspondances-entre-indices-bruts-et-indices-majores-de-la-fonction-publique-en-fonction-du-temps\/\">Correspondances entre indices bruts et indices major\u00e9s de la fonction publique<\/a><\/li>\n\t\t\t<li><a href=\"https:\/\/www.data.gouv.fr\/fr\/datasets\/valeur-du-point-dindice-majore-de-la-fonction-publique\/\">Point d&rsquo;indice de la fonction publique.<\/a><\/li>\n\t\t\t<li><a href=\"https:\/\/www.data.gouv.fr\/fr\/datasets\/indemnite-de-residence-de-la-fonction-publique\/\">Indemnit\u00e9 de r\u00e9sidence de la fonction publique.<\/a><\/li>\n\t\t\t<li><a href=\"https:\/\/www.data.gouv.fr\/fr\/datasets\/grilles-indiciaires-grilles-davancement-dechelon-et-grilles-de-reclassement-des-professeurs-des-ecoles-de-leducation-nationale\/\">Grilles indiciaires, d&rsquo;avancement d&rsquo;\u00e9chelon, et de reclassement des professeurs des \u00e9coles.<\/a><\/li>\n\t\t\t<li><a href=\"https:\/\/www.data.gouv.fr\/fr\/datasets\/grilles-indiciaires-grilles-davancement-dechelon-et-grilles-de-reclassement-des-professeurs-certifies-de-leducation-nationale\/\">Grilles indiciaires, d&rsquo;avancement d&rsquo;\u00e9chelon, et de reclassement des professeurs certifi\u00e9s.<\/a><\/li>\n\t\t\t<li><a href=\"https:\/\/www.data.gouv.fr\/fr\/datasets\/grilles-indiciaires-grilles-davancement-dechelon-et-grilles-de-reclassement-des-professeurs-agreges-de-leducation-nationale\/\">Grilles indiciaires, d&rsquo;avancement d&rsquo;\u00e9chelon, et de reclassement des professeurs agr\u00e9g\u00e9s.<\/a><\/li>\n\t\t\t<li><a href=\"https:\/\/www.data.gouv.fr\/fr\/datasets\/primes-de-leducation-nationale\/\">Primes de l&rsquo;\u00e9ducation nationale.<\/a><\/li>\n\t\t\t<li><a href=\"https:\/\/www.data.gouv.fr\/fr\/datasets\/traitements-et-soldes-annuels-des-groupes-hors-echelle\/\">Traitements et soldes annuels des groupes hors \u00e9chelle.<\/a><\/li>\n\t\t<\/ul>\n\t\tSauf mention contraire, le <a href=\"https:\/\/gitlab.com\/observatoire_des_salaires\/src\">code source<\/a> sur lequel repose ce travail est sous licence <a href=\"https:\/\/www.gnu.org\/licenses\/gpl-3.0.en.html\">GNU GPL<\/a> et les textes, images, graphiques ainsi que la <a href=\"https:\/\/gitlab.com\/observatoire_des_salaires\/db\">base de donn\u00e9es<\/a> sont sous licence <a href=\"https:\/\/creativecommons.org\/licenses\/by-nc-sa\/4.0\/\">Creative Commons Attribution-NonCommercial-ShareAlike<\/a>.\n\t\t<br>\n\t\tMerci de citer <a href=\"http:\/\/blog.epicycle.fr\">blog.epicycle.fr<\/a> en cas de r\u00e9utilisation ou d&rsquo;adaptation.\n\t<\/p>\n\t<script type=\"text\/javascript\">\n\t\tvar hourlyPayChart = new HourlyPayChartWrapper(document.getElementById('hourly_pay_chart'));\n\n\t\tload_data((()=>hourlyPayChart.update(true)).bind(hourlyPayChart));\n\t<\/script>\n","protected":false},"excerpt":{"rendered":"<p>Corps : professeur des \u00e9colescertifi\u00e9agr\u00e9g\u00e9 Indemnit\u00e9 de r\u00e9sidence : zone 1zone 2zone 3 Obligation r\u00e9glementaire de service (en heures hebdomadaires) : Nombre de semaines de cours dans l&rsquo;ann\u00e9e : Date : Remarques HSA signifie heure suppl\u00e9mentaire ann\u00e9e ; il s&rsquo;agit d&rsquo;une heure de cours hebdomadaire. La premi\u00e8re HSA est major\u00e9e de 20% depuis septembre 1998. &hellip; <a href=\"https:\/\/blog.epicycle.fr\/?page_id=1256\" class=\"more-link\">Continuer la lecture<span class=\"screen-reader-text\"> de &laquo;&nbsp;R\u00e9mun\u00e9ration de l&rsquo;heure de cours dans l&rsquo;\u00c9ducation nationale&nbsp;&raquo;<\/span><\/a><\/p>\n","protected":false},"author":1,"featured_media":0,"parent":0,"menu_order":0,"comment_status":"closed","ping_status":"closed","template":"","meta":{"footnotes":""},"class_list":["post-1256","page","type-page","status-publish","hentry"],"_links":{"self":[{"href":"https:\/\/blog.epicycle.fr\/index.php?rest_route=\/wp\/v2\/pages\/1256","targetHints":{"allow":["GET"]}}],"collection":[{"href":"https:\/\/blog.epicycle.fr\/index.php?rest_route=\/wp\/v2\/pages"}],"about":[{"href":"https:\/\/blog.epicycle.fr\/index.php?rest_route=\/wp\/v2\/types\/page"}],"author":[{"embeddable":true,"href":"https:\/\/blog.epicycle.fr\/index.php?rest_route=\/wp\/v2\/users\/1"}],"replies":[{"embeddable":true,"href":"https:\/\/blog.epicycle.fr\/index.php?rest_route=%2Fwp%2Fv2%2Fcomments&post=1256"}],"version-history":[{"count":11,"href":"https:\/\/blog.epicycle.fr\/index.php?rest_route=\/wp\/v2\/pages\/1256\/revisions"}],"predecessor-version":[{"id":1280,"href":"https:\/\/blog.epicycle.fr\/index.php?rest_route=\/wp\/v2\/pages\/1256\/revisions\/1280"}],"wp:attachment":[{"href":"https:\/\/blog.epicycle.fr\/index.php?rest_route=%2Fwp%2Fv2%2Fmedia&parent=1256"}],"curies":[{"name":"wp","href":"https:\/\/api.w.org\/{rel}","templated":true}]}}